{"id":66,"date":"2014-12-09T17:12:26","date_gmt":"2014-12-09T17:12:26","guid":{"rendered":"http:\/\/augendiagnose.de\/blog\/?page_id=66"},"modified":"2021-11-30T18:44:34","modified_gmt":"2021-11-30T17:44:34","slug":"arbeitsprogramm","status":"publish","type":"page","link":"https:\/\/augendiagnose.de\/?page_id=66","title":{"rendered":"Arbeitsprogramm"},"content":{"rendered":"<p><strong>Arbeitsprogramm DA8 Augendiagnose<\/strong><\/p>\n<p>Mit DA8 laden Sie auf einfachste Weise die Augenfotos Ihrer Patienten direkt in das Programm, wo sie dem jeweiligen Patienten zugeordnet sind. Ein beliebiges Augenfoto kann nun sozusagen als Basis aufgerufen werden, auf dem dann die teiltransparenten Schablonen der Augendiagnose direkt aufgesetzt werden k\u00f6nnen. Auf diese Weise k\u00f6nnen Sie die verschiedenen Bereiche der Iris auf komfortabelste Art direkt zuordnen.<\/p>\n<p>Die einzugebenden Patientendaten werden den Augenfotos von der Digitalkamera zugeordnet. Durch verschieben von vier Me\u00dflinien zum \u00e4u\u00dferen Irisrand wird die Iris des Patienten vermessen. Zwei zu verschiebende Me\u00dflinien bestimmen die Pupillenmitte. Mit nur zwei Mausklicks auf die Me\u00dflinien am Pupillenrand ermittelt das Programm die Pupillengr\u00f6\u00dfe. Ein weiterer Mausklick setzt die Darmkrause. Durch komplexe mathematische Algorithmen wird nun die Gr\u00f6\u00dfe und Lage der jeweiligen Organbereiche auf der Iris berechnet. Bewegen des Mauszeigers auf der Iris zeigt die jeweiligen Organbereiche an. Die Berechnung kann zum Augenfoto gespeichert werden.<\/p>\n<p>Durch \u00d6ffnen der Organliste k\u00f6nnen die Organe angew\u00e4hlt und auf der Iris farblich abgesetzt angezeigt werden. Somit k\u00f6nnen Sie das irisdiagnostisches Wissen vertiefen bzw. lernen wo die Organfelder in der Iris liegen.Durch unser im Internet erh\u00e4ltliches Update k\u00f6nnen Sie auf dem aktuellen Stand bleiben. Unsere Updates beinhalten Aktualisierungen und Verbesserungen zum Programm.<\/p>\n<p>&gt; kostenloser Download der <a href=\"http:\/\/www.manysoft.de\/DL\/Setup_DA8_Demo.exe\" target=\"_blank\" rel=\"noopener\">Demo-Version<\/a><\/p>\n<p><strong><span style=\"color: #ff0000;\">Hier<\/span> unser Video zur Software: Digitale Augendiagnose<\/strong><\/p>\n<p><iframe loading=\"lazy\" src=\"\/\/www.youtube.com\/embed\/dQ2rPw3tAPY\" allowfullscreen=\"allowfullscreen\" width=\"420\" height=\"315\" frameborder=\"0\"><\/iframe><\/p>\n<p>In der aktuellen Version wurden die &#8222;Psycho-Analogien&#8220; von Carsten P\u00f6tter integriert. Ist der Mauszeiger in einem angezeigtem Organfeld, kann mit der &#8222;rechten Maustaste&#8220; die dazugeh\u00f6rige &#8222;Psycho-Analogie&#8220; angezeigt werden.<\/p>\n<p><span style=\"font-size: 8pt;\">Lieferung per Download (Aufl\u00f6sung ab. 1024&#215;768)<\/span><br \/>\n<span style=\"font-size: 8pt;\">Betriebssysteme und Copyright: Win XP, VISTA, Windows 7, Windows 8, Windows 10<\/span><\/p>\n","protected":false},"excerpt":{"rendered":"<p>Arbeitsprogramm DA8 Augendiagnose Mit DA8 laden Sie auf einfachste Weise die Augenfotos Ihrer Patienten direkt in das Programm, wo sie dem jeweiligen Patienten zugeordnet sind. Ein beliebiges Augenfoto kann nun sozusagen als Basis aufgerufen werden, auf dem dann die teiltransparenten Schablonen der Augendiagnose direkt aufgesetzt werden k\u00f6nnen. Auf diese Weise &hellip;<\/p>\n","protected":false},"author":1,"featured_media":332,"parent":0,"menu_order":2,"comment_status":"closed","ping_status":"closed","template":"","meta":{"_cbd_carousel_blocks":"[]","footnotes":""},"class_list":["post-66","page","type-page","status-publish","has-post-thumbnail","hentry"],"aioseo_notices":[],"_links":{"self":[{"href":"https:\/\/augendiagnose.de\/index.php?rest_route=\/wp\/v2\/pages\/66","targetHints":{"allow":["GET"]}}],"collection":[{"href":"https:\/\/augendiagnose.de\/index.php?rest_route=\/wp\/v2\/pages"}],"about":[{"href":"https:\/\/augendiagnose.de\/index.php?rest_route=\/wp\/v2\/types\/page"}],"author":[{"embeddable":true,"href":"https:\/\/augendiagnose.de\/index.php?rest_route=\/wp\/v2\/users\/1"}],"replies":[{"embeddable":true,"href":"https:\/\/augendiagnose.de\/index.php?rest_route=%2Fwp%2Fv2%2Fcomments&post=66"}],"version-history":[{"count":12,"href":"https:\/\/augendiagnose.de\/index.php?rest_route=\/wp\/v2\/pages\/66\/revisions"}],"predecessor-version":[{"id":346,"href":"https:\/\/augendiagnose.de\/index.php?rest_route=\/wp\/v2\/pages\/66\/revisions\/346"}],"wp:featuredmedia":[{"embeddable":true,"href":"https:\/\/augendiagnose.de\/index.php?rest_route=\/wp\/v2\/media\/332"}],"wp:attachment":[{"href":"https:\/\/augendiagnose.de\/index.php?rest_route=%2Fwp%2Fv2%2Fmedia&parent=66"}],"curies":[{"name":"wp","href":"https:\/\/api.w.org\/{rel}","templated":true}]}}