{"id":26,"date":"2014-12-09T16:01:00","date_gmt":"2014-12-09T16:01:00","guid":{"rendered":"http:\/\/augendiagnose.de\/blog\/?page_id=26"},"modified":"2021-11-30T18:32:14","modified_gmt":"2021-11-30T17:32:14","slug":"lernprogramm","status":"publish","type":"page","link":"https:\/\/augendiagnose.de\/?page_id=26","title":{"rendered":"Lernprogramm"},"content":{"rendered":"<p><strong>Programm Grundlagen Augendiagnose<\/strong><\/p>\n<p>&nbsp;<\/p>\n<p><strong>Hier geht\u00b4s zum Angebot bei: <a href=\"https:\/\/manysoft.de\/shop\/\" target=\"_blank\" rel=\"noopener\">manysoft<\/a><\/strong><\/p>\n<p>Das Interesse an der Augendiagnose wird angetrieben von dem Wunsch, den Geheimnissen unseres Daseins mit ihren individuellen Auspr\u00e4gungen auf die Spur zu kommen. Seit Menschengedenken ist in das Auge viel hineinger\u00e4tselt worden. So sollen sich Krankheiten in Form von realistischen Organabbildungen wiederspiegeln. Diese Ansicht tr\u00e4gt seit eh und je zu Missverst\u00e4ndlichkeiten bei. Im Gegensatz zu festgelegten anatomischen und physiologischen Gesetzm\u00e4\u00dfigkeiten sind dem diagnostischen Hinweisreichtum am Auge kaum Grenzen gesetzt. Darin einbezogen beansprucht auch die seelische Verfassung im Bereich des Auges ihren besonderen Raum. Die Eigent\u00fcmlichkeit solcher besonderer Ph\u00e4nomene ist f\u00fcr deren Deutung eine gro\u00dfe Herausforderung. So manch &#8222;Wissbegieriger&#8220; hat nach kurzer Zeit des Studiums die vorhandenen Unterlagen verworfen und gleichzeitig die M\u00f6glichkeit einer Prognose oder Diagnose in Frage gestellt. Die Interpretation von Gewebe-, Form- und Farbver\u00e4nderungen hat ihre eigenen Gesetze, erfordert deshalb viel Zeit, Einf\u00fchlungsverm\u00f6gen und Erfahrung.<\/p>\n<p>&gt; kostenloser Download der <a href=\"http:\/\/www.manysoft.de\/DL\/Setup_Augen8_Demo.exe\" target=\"_blank\" rel=\"noopener\">Demo-Version<\/a><\/p>\n<p>&gt; das ausf\u00fchrliche Lernprogramm erhalten Sie hier <a href=\"https:\/\/manysoft.de\/shop\/\" target=\"_blank\" rel=\"noopener\">zum Shop<\/a><\/p>\n<p><span style=\"color: #ff0000;\"><strong>&nbsp;<\/strong><\/span><\/p>\n<p style=\"text-align: left;\"><strong>Beispiele aus dem Lernprogramm:<\/strong><\/p>\n<p><a href=\"http:\/\/augendiagnose.de\/blog\/wp-content\/uploads\/2014\/12\/augen1.jpg\"><img loading=\"lazy\" decoding=\"async\" class=\"aligncenter size-full wp-image-51\" src=\"http:\/\/augendiagnose.de\/blog\/wp-content\/uploads\/2014\/12\/augen1.jpg\" alt=\"augen1\" width=\"430\" height=\"294\" srcset=\"https:\/\/augendiagnose.de\/blog\/wp-content\/uploads\/2014\/12\/augen1.jpg 430w, https:\/\/augendiagnose.de\/blog\/wp-content\/uploads\/2014\/12\/augen1-300x205.jpg 300w, https:\/\/augendiagnose.de\/blog\/wp-content\/uploads\/2014\/12\/augen1-250x170.jpg 250w\" sizes=\"auto, (max-width: 430px) 100vw, 430px\" \/><\/a><\/p>\n<p><strong>&#8222;Klassische Transversale&#8220;:<\/strong><\/p>\n<p>Die KlassischeTransversale beginnt am Ziliarrand und verl\u00e4uft, andere Radi\u00e4ren kreuzend, h\u00e4ufig bis zum Krausenrand. Sie ist in erster Linie ein Stauungs- und Adh\u00e4sionszeichen. Bedrohliche Situationen werden durch die Vaskularisierung (Blutf\u00fcllung) und das Auftreten anderer Ph\u00e4nomene (z. B. Organzeichen\/farben etc) angezeigt.<\/p>\n<p><strong>&#8222;Baumtransversale&#8220;:<\/strong><\/p>\n<p>Die Baumtransversale hat ihren Ausgangspunkt an der Krause und ver\u00e4stelt sich baumartig bis zum Ziliarrand. Hypertrophie von Gewebe durch R\u00fcckflu\u00dfst\u00f6rungen im Lymph- und Gef\u00e4\u00dfbereich, \u00d6dembereitschaft, k\u00f6nnen so gedeutet werden .<\/p>\n<p><strong>&#8222;Wurzeltransversale&#8220;:<\/strong><\/p>\n<p>Die Wurzeltransversale entspringt dem Ziliarrand und weist auf Stauungszust\u00e4nde im entsprechenden Organbereich. Auch Gewebsver\u00e4nderungen sind in Betracht zu ziehen. Diese sind meist anzutreffen in den Sektoren der Leber, des Urogenitaltraktes und des Bauchraumes.<\/p>\n<hr>\n<p>&nbsp;<\/p>\n<p style=\"text-align: center;\"><strong>Screenshots aus unserem Augendiagnose-Lernprogramm:<\/strong><\/p>\n<p style=\"text-align: center;\"><span style=\"color: #ff0000;\"><strong>NEU:<\/strong><\/span> Jetzt \u00fcberwiegend mit schwarzem Hintergrund f\u00fcr bessere Darstellung \u00fcber Video-Beamer!<\/p>\n<p style=\"text-align: center;\">Screenshot 1:<\/p>\n<p style=\"text-align: center;\"><a href=\"http:\/\/augendiagnose.de\/blog\/wp-content\/uploads\/2014\/12\/scr01.jpg\"><img loading=\"lazy\" decoding=\"async\" class=\"aligncenter wp-image-52 size-full\" src=\"http:\/\/augendiagnose.de\/blog\/wp-content\/uploads\/2014\/12\/scr01.jpg\" alt=\"scr01\" width=\"500\" height=\"355\" srcset=\"https:\/\/augendiagnose.de\/blog\/wp-content\/uploads\/2014\/12\/scr01.jpg 500w, https:\/\/augendiagnose.de\/blog\/wp-content\/uploads\/2014\/12\/scr01-300x213.jpg 300w, https:\/\/augendiagnose.de\/blog\/wp-content\/uploads\/2014\/12\/scr01-250x177.jpg 250w\" sizes=\"auto, (max-width: 500px) 100vw, 500px\" \/><\/a>Screenshot 2:<\/p>\n<p style=\"text-align: center;\"><a href=\"http:\/\/augendiagnose.de\/blog\/wp-content\/uploads\/2014\/12\/scr02.jpg\"><img loading=\"lazy\" decoding=\"async\" class=\"aligncenter size-full wp-image-53\" src=\"http:\/\/augendiagnose.de\/blog\/wp-content\/uploads\/2014\/12\/scr02.jpg\" alt=\"scr02\" width=\"500\" height=\"355\" srcset=\"https:\/\/augendiagnose.de\/blog\/wp-content\/uploads\/2014\/12\/scr02.jpg 500w, https:\/\/augendiagnose.de\/blog\/wp-content\/uploads\/2014\/12\/scr02-300x213.jpg 300w, https:\/\/augendiagnose.de\/blog\/wp-content\/uploads\/2014\/12\/scr02-250x177.jpg 250w\" sizes=\"auto, (max-width: 500px) 100vw, 500px\" \/><\/a>Screenshot 3:<\/p>\n<p style=\"text-align: center;\"><a href=\"http:\/\/augendiagnose.de\/blog\/wp-content\/uploads\/2014\/12\/scr03.jpg\"><img loading=\"lazy\" decoding=\"async\" class=\"aligncenter size-full wp-image-54\" src=\"http:\/\/augendiagnose.de\/blog\/wp-content\/uploads\/2014\/12\/scr03.jpg\" alt=\"scr03\" width=\"500\" height=\"355\" srcset=\"https:\/\/augendiagnose.de\/blog\/wp-content\/uploads\/2014\/12\/scr03.jpg 500w, https:\/\/augendiagnose.de\/blog\/wp-content\/uploads\/2014\/12\/scr03-300x213.jpg 300w, https:\/\/augendiagnose.de\/blog\/wp-content\/uploads\/2014\/12\/scr03-250x177.jpg 250w\" sizes=\"auto, (max-width: 500px) 100vw, 500px\" \/><\/a>Screenshot 4:<\/p>\n<p style=\"text-align: center;\"><a href=\"http:\/\/augendiagnose.de\/blog\/wp-content\/uploads\/2014\/12\/scr04.jpg\"><img loading=\"lazy\" decoding=\"async\" class=\"aligncenter size-full wp-image-55\" src=\"http:\/\/augendiagnose.de\/blog\/wp-content\/uploads\/2014\/12\/scr04.jpg\" alt=\"scr04\" width=\"500\" height=\"355\" srcset=\"https:\/\/augendiagnose.de\/blog\/wp-content\/uploads\/2014\/12\/scr04.jpg 500w, https:\/\/augendiagnose.de\/blog\/wp-content\/uploads\/2014\/12\/scr04-300x213.jpg 300w, https:\/\/augendiagnose.de\/blog\/wp-content\/uploads\/2014\/12\/scr04-250x177.jpg 250w\" sizes=\"auto, (max-width: 500px) 100vw, 500px\" \/><\/a>Screenshot 5:<\/p>\n<p style=\"text-align: center;\"><a href=\"http:\/\/augendiagnose.de\/blog\/wp-content\/uploads\/2014\/12\/scr05.jpg\"><img loading=\"lazy\" decoding=\"async\" class=\"aligncenter size-full wp-image-56\" src=\"http:\/\/augendiagnose.de\/blog\/wp-content\/uploads\/2014\/12\/scr05.jpg\" alt=\"scr05\" width=\"500\" height=\"355\" srcset=\"https:\/\/augendiagnose.de\/blog\/wp-content\/uploads\/2014\/12\/scr05.jpg 500w, https:\/\/augendiagnose.de\/blog\/wp-content\/uploads\/2014\/12\/scr05-300x213.jpg 300w, https:\/\/augendiagnose.de\/blog\/wp-content\/uploads\/2014\/12\/scr05-250x177.jpg 250w\" sizes=\"auto, (max-width: 500px) 100vw, 500px\" \/><\/a>Screenshot 6:<\/p>\n<p style=\"text-align: center;\"><a href=\"http:\/\/augendiagnose.de\/blog\/wp-content\/uploads\/2014\/12\/scr06.jpg\"><img loading=\"lazy\" decoding=\"async\" class=\"aligncenter size-full wp-image-57\" src=\"http:\/\/augendiagnose.de\/blog\/wp-content\/uploads\/2014\/12\/scr06.jpg\" alt=\"scr06\" width=\"500\" height=\"355\" srcset=\"https:\/\/augendiagnose.de\/blog\/wp-content\/uploads\/2014\/12\/scr06.jpg 500w, https:\/\/augendiagnose.de\/blog\/wp-content\/uploads\/2014\/12\/scr06-300x213.jpg 300w, https:\/\/augendiagnose.de\/blog\/wp-content\/uploads\/2014\/12\/scr06-250x177.jpg 250w\" sizes=\"auto, (max-width: 500px) 100vw, 500px\" \/><\/a>Screenshot 7:<\/p>\n<p style=\"text-align: center;\"><a href=\"http:\/\/augendiagnose.de\/blog\/wp-content\/uploads\/2014\/12\/scr07.jpg\"><img loading=\"lazy\" decoding=\"async\" class=\"aligncenter size-full wp-image-58\" src=\"http:\/\/augendiagnose.de\/blog\/wp-content\/uploads\/2014\/12\/scr07.jpg\" alt=\"scr07\" width=\"500\" height=\"355\" srcset=\"https:\/\/augendiagnose.de\/blog\/wp-content\/uploads\/2014\/12\/scr07.jpg 500w, https:\/\/augendiagnose.de\/blog\/wp-content\/uploads\/2014\/12\/scr07-300x213.jpg 300w, https:\/\/augendiagnose.de\/blog\/wp-content\/uploads\/2014\/12\/scr07-250x177.jpg 250w\" sizes=\"auto, (max-width: 500px) 100vw, 500px\" \/><\/a><\/p>\n<p style=\"text-align: center;\"><span style=\"color: #ff0000;\"><strong>Hier<\/strong><\/span> <strong>unser Video zur Software: Grundlagen Augendiagnose<\/strong><br \/>\n<iframe loading=\"lazy\" src=\"\/\/www.youtube.com\/embed\/m3k1XBvzNTA\" width=\"420\" height=\"315\" frameborder=\"0\"><\/iframe><\/p>\n<p style=\"text-align: center;\">&nbsp;<\/p>\n","protected":false},"excerpt":{"rendered":"<p>Programm Grundlagen Augendiagnose &nbsp; Hier geht\u00b4s zum Angebot bei: manysoft Das Interesse an der Augendiagnose wird angetrieben von dem Wunsch, den Geheimnissen unseres Daseins mit ihren individuellen Auspr\u00e4gungen auf die Spur zu kommen. Seit Menschengedenken ist in das Auge viel hineinger\u00e4tselt worden. So sollen sich Krankheiten in Form von realistischen &hellip;<\/p>\n","protected":false},"author":1,"featured_media":330,"parent":0,"menu_order":1,"comment_status":"closed","ping_status":"closed","template":"","meta":{"_cbd_carousel_blocks":"[]","footnotes":""},"class_list":["post-26","page","type-page","status-publish","has-post-thumbnail","hentry"],"aioseo_notices":[],"_links":{"self":[{"href":"https:\/\/augendiagnose.de\/index.php?rest_route=\/wp\/v2\/pages\/26","targetHints":{"allow":["GET"]}}],"collection":[{"href":"https:\/\/augendiagnose.de\/index.php?rest_route=\/wp\/v2\/pages"}],"about":[{"href":"https:\/\/augendiagnose.de\/index.php?rest_route=\/wp\/v2\/types\/page"}],"author":[{"embeddable":true,"href":"https:\/\/augendiagnose.de\/index.php?rest_route=\/wp\/v2\/users\/1"}],"replies":[{"embeddable":true,"href":"https:\/\/augendiagnose.de\/index.php?rest_route=%2Fwp%2Fv2%2Fcomments&post=26"}],"version-history":[{"count":26,"href":"https:\/\/augendiagnose.de\/index.php?rest_route=\/wp\/v2\/pages\/26\/revisions"}],"predecessor-version":[{"id":331,"href":"https:\/\/augendiagnose.de\/index.php?rest_route=\/wp\/v2\/pages\/26\/revisions\/331"}],"wp:featuredmedia":[{"embeddable":true,"href":"https:\/\/augendiagnose.de\/index.php?rest_route=\/wp\/v2\/media\/330"}],"wp:attachment":[{"href":"https:\/\/augendiagnose.de\/index.php?rest_route=%2Fwp%2Fv2%2Fmedia&parent=26"}],"curies":[{"name":"wp","href":"https:\/\/api.w.org\/{rel}","templated":true}]}}